{"id":426,"date":"2025-02-19T18:27:27","date_gmt":"2025-02-19T17:27:27","guid":{"rendered":"https:\/\/www.ai4prosa.eu\/?page_id=426"},"modified":"2025-03-12T17:59:07","modified_gmt":"2025-03-12T16:59:07","slug":"kontakt","status":"publish","type":"page","link":"https:\/\/www.ai4prosa.eu\/cs\/kontakt\/","title":{"rendered":"Kontakt"},"content":{"rendered":"<div class=\"wpb-content-wrapper\"><p>[vc_row top_padding=&#8220;40&#8243; tablet_portrait_visibility=&#8220;hide&#8220; mobile_landscape_visibility=&#8220;hide&#8220; mobile_portrait_visibility=&#8220;hide&#8220;][vc_column width=&#8220;1\/1&#8243;][\/vc_column][\/vc_row][vc_row top_padding=&#8220;0&#8243;][vc_column width=&#8220;1\/6&#8243;][\/vc_column][vc_column width=&#8220;2\/3&#8243;]<h1 class=\"headline font-inherit fontsize-xl fontweight-inherit lh-inherit align-left transform-inherit \" style=\"margin: 0 0 20px 0; color: #494949;\">Chceme o v\u00e1s sly\u0161et! Kontaktujte n\u00e1s<\/h1><div class=\"divider divider5\" style='margin:20px 0 20px 0 !important;'><\/div>[vc_column_text]<strong>Kontakt na koordin\u00e1tora<\/strong><br \/>\nTechnologick\u00fd institut AIJU pro d\u011btsk\u00e9 a volno\u010dasov\u00e9 produkty<br \/>\nAv. Industria, 23 \u2013 03440 Ibi (Alicante) \u0160pan\u011blsko<br \/>\n<a href=\"tel:34965554475\">+34 965 55 44 75<\/a><br \/>\n<a href=\"mailto:proyectosseguridad@aiju.es\">proyectosseguridad@aiju.es<\/a>[\/vc_column_text]<div class=\"divider divider5\" style='margin:0px 0 40px 0 !important;'><\/div>\n<div class=\"wpcf7 no-js\" id=\"wpcf7-f425-o1\" lang=\"cs-CZ\" dir=\"ltr\" data-wpcf7-id=\"425\">\n<div class=\"screen-reader-response\"><p role=\"status\" aria-live=\"polite\" aria-atomic=\"true\"><\/p> <ul><\/ul><\/div>\n<form action=\"\/cs\/wp-json\/wp\/v2\/pages\/426#wpcf7-f425-o1\" method=\"post\" class=\"wpcf7-form init\" aria-label=\"Kontaktn\u00ed formul\u00e1\u0159\" novalidate=\"novalidate\" data-status=\"init\">\n<div style=\"display: none;\">\n<input type=\"hidden\" name=\"_wpcf7\" value=\"425\" \/>\n<input type=\"hidden\" name=\"_wpcf7_version\" value=\"6.0.6\" \/>\n<input type=\"hidden\" name=\"_wpcf7_locale\" value=\"cs_CZ\" \/>\n<input type=\"hidden\" name=\"_wpcf7_unit_tag\" value=\"wpcf7-f425-o1\" \/>\n<input type=\"hidden\" name=\"_wpcf7_container_post\" value=\"0\" \/>\n<input type=\"hidden\" name=\"_wpcf7_posted_data_hash\" value=\"\" \/>\n<\/div>\n<h4>Va\u0161e osobn\u00ed \u00fadaje*\n<\/h4>\n<p><span class=\"wpcf7-form-control-wrap\" data-name=\"Nombre\"><input size=\"40\" maxlength=\"400\" class=\"wpcf7-form-control wpcf7-text wpcf7-validates-as-required\" aria-required=\"true\" aria-invalid=\"false\" placeholder=\"Va\u0161e jm\u00e9no a p\u0159\u00edjmen\u00ed\" value=\"\" type=\"text\" name=\"Nombre\" \/><\/span><br \/>\n<span class=\"wpcf7-form-control-wrap\" data-name=\"Email\"><input size=\"40\" maxlength=\"400\" class=\"wpcf7-form-control wpcf7-email wpcf7-validates-as-required wpcf7-text wpcf7-validates-as-email\" aria-required=\"true\" aria-invalid=\"false\" placeholder=\"Va\u0161e e-mailov\u00e1 adresa\" value=\"\" type=\"email\" name=\"Email\" \/><\/span>\n<\/p>\n<h4 style=\"padding-top:20px\">Profil*:\n<\/h4>\n<p><span class=\"wpcf7-form-control-wrap\" data-name=\"perfil\"><span class=\"wpcf7-form-control wpcf7-checkbox wpcf7-validates-as-required\"><span class=\"wpcf7-list-item first\"><label><input type=\"checkbox\" name=\"perfil[]\" value=\"Velk\u00e1 spole\u010dnost\" \/><span class=\"wpcf7-list-item-label\">Velk\u00e1 spole\u010dnost<\/span><\/label><\/span><span class=\"wpcf7-list-item\"><label><input type=\"checkbox\" name=\"perfil[]\" value=\"Mal\u00fd a st\u0159edn\u00ed podnik (SME)\" \/><span class=\"wpcf7-list-item-label\">Mal\u00fd a st\u0159edn\u00ed podnik (SME)<\/span><\/label><\/span><span class=\"wpcf7-list-item\"><label><input type=\"checkbox\" name=\"perfil[]\" value=\"Student odborn\u00e9ho vzd\u011bl\u00e1v\u00e1n\u00ed\" \/><span class=\"wpcf7-list-item-label\">Student odborn\u00e9ho vzd\u011bl\u00e1v\u00e1n\u00ed<\/span><\/label><\/span><span class=\"wpcf7-list-item\"><label><input type=\"checkbox\" name=\"perfil[]\" value=\"\u0160kolitel nebo u\u010ditel odborn\u00e9ho vzd\u011bl\u00e1v\u00e1n\u00ed\" \/><span class=\"wpcf7-list-item-label\">\u0160kolitel nebo u\u010ditel odborn\u00e9ho vzd\u011bl\u00e1v\u00e1n\u00ed<\/span><\/label><\/span><span class=\"wpcf7-list-item\"><label><input type=\"checkbox\" name=\"perfil[]\" value=\"Administrativa\" \/><span class=\"wpcf7-list-item-label\">Administrativa<\/span><\/label><\/span><span class=\"wpcf7-list-item last\"><label><input type=\"checkbox\" name=\"perfil[]\" value=\"Jin\u00e9\" \/><span class=\"wpcf7-list-item-label\">Jin\u00e9<\/span><\/label><\/span><\/span><\/span>\n<\/p>\n<h4 style=\"padding-top:20px\">O co m\u00e1te z\u00e1jem?*\n<\/h4>\n<p><span class=\"wpcf7-form-control-wrap\" data-name=\"intereses\"><span class=\"wpcf7-form-control wpcf7-checkbox\"><span class=\"wpcf7-list-item first\"><label><input type=\"checkbox\" name=\"intereses[]\" value=\"\u00da\u010dastnit se aktivit projektu\" \/><span class=\"wpcf7-list-item-label\">\u00da\u010dastnit se aktivit projektu<\/span><\/label><\/span><span class=\"wpcf7-list-item\"><label><input type=\"checkbox\" name=\"intereses[]\" value=\"Dov\u011bd\u011bt se v\u00fdsledky projektu\" \/><span class=\"wpcf7-list-item-label\">Dov\u011bd\u011bt se v\u00fdsledky projektu<\/span><\/label><\/span><span class=\"wpcf7-list-item\"><label><input type=\"checkbox\" name=\"intereses[]\" value=\"Newsletter\" \/><span class=\"wpcf7-list-item-label\">Newsletter<\/span><\/label><\/span><span class=\"wpcf7-list-item last\"><label><input type=\"checkbox\" name=\"intereses[]\" value=\"Jin\u00e9\" \/><span class=\"wpcf7-list-item-label\">Jin\u00e9<\/span><\/label><\/span><\/span><\/span>\n<\/p>\n<h4 style=\"padding-top:20px\">Zpr\u00e1va (voliteln\u00e9)\n<\/h4>\n<p><span class=\"wpcf7-form-control-wrap\" data-name=\"Mensaje\"><textarea cols=\"40\" rows=\"10\" maxlength=\"2000\" class=\"wpcf7-form-control wpcf7-textarea\" aria-invalid=\"false\" name=\"Mensaje\"><\/textarea><\/span>\n<\/p>\n<p style=\"font-size:12px\"><br \/>\nV souladu s platn\u00fdmi p\u0159edpisy o ochran\u011b osobn\u00edch \u00fadaj\u016f v\u00e1s informujeme, \u017ee:<br \/>\n1. SPR\u00c1VCE OSOBN\u00cdCH \u00daDAJ\u016e je ASOCIACI\u00d3N DE INVESTIGACI\u00d3N DE LA INDUSTRIA DEL JUGUETE, CONEXAS Y AFINES (CIF: G03182862) se s\u00eddlem na adrese AV. DE LA INDUSTRIA, 23. 03440, IBI (ALICANTE). Telefon: +034 96 555 44 75.<br \/>\n2. \u00da\u010cEL ZPRACOV\u00c1N\u00cd<br \/>\n\u00da\u010dast na aktivit\u00e1ch: Spr\u00e1va registrace, \u00fa\u010dasti, v\u00fduky a sledov\u00e1n\u00ed \u00fa\u010dastn\u00edk\u016f.<br \/>\nNewsletter: Odes\u00edl\u00e1n\u00ed newsletteru AI4ProSa na e-mailovou adresu poskytnutou u\u017eivatelem.<br \/>\n3. PR\u00c1VN\u00cd Z\u00c1KLAD ZPRACOV\u00c1N\u00cd je zalo\u017een na souhlasu dot\u010den\u00e9 osoby.<br \/>\n4. DOBA UCHOV\u00c1V\u00c1N\u00cd: Data budou uchov\u00e1v\u00e1na, dokud u\u017eivatel nevyj\u00e1d\u0159\u00ed sv\u00e9 pr\u00e1vo na v\u00fdmaz.<br \/>\n5. V\u00ddKON PR\u00c1V: Pokud si p\u0159ejete odhl\u00e1sit odb\u011br elektronick\u00fdch sd\u011blen\u00ed, m\u016f\u017eete tak u\u010dinit prost\u0159ednictv\u00edm odkazu, kter\u00fd se nach\u00e1z\u00ed ve spodn\u00ed \u010d\u00e1sti e-mailu, nebo zasl\u00e1n\u00edm e-mailu na proyectosseguridad@aiju.es. M\u016f\u017eete uplatnit sv\u00e1 pr\u00e1va na ochranu osobn\u00edch \u00fadaj\u016f (p\u0159\u00edstup, opravu, n\u00e1mitku, v\u00fdmaz, automatizovan\u00e1 rozhodnut\u00ed, omezen\u00ed zpracov\u00e1n\u00ed, p\u0159enositelnost) prost\u0159ednictv\u00edm e-mailu na https:\/\/www.aepd.es\/. V\u00edce informac\u00ed o z\u00e1sad\u00e1ch ochrany osobn\u00edch \u00fadaj\u016f naleznete <a href=\"https:\/\/www.ai4prosa.eu\/cs\/zasady-ochrany-osobnich-udaju\/\" target=_blank>zde<\/a>.\n<\/p>\n<p><span class=\"wpcf7-form-control-wrap\" data-name=\"privacidad\"><span class=\"wpcf7-form-control wpcf7-acceptance\"><span class=\"wpcf7-list-item\"><label><input type=\"checkbox\" name=\"privacidad\" value=\"1\" aria-invalid=\"false\" \/><span class=\"wpcf7-list-item-label\">P\u0159e\u010detl(a) jsem si a souhlas\u00edm s podm\u00ednkami <a href=\"https:\/\/www.ai4prosa.eu\/cs\/zasady-ochrany-osobnich-udaju\/\" target=_blank>ochrany osobn\u00edch \u00fadaj\u016f<\/a><\/span><\/label><\/span><\/span><\/span>\n<\/p>\n<p><input class=\"wpcf7-form-control wpcf7-submit has-spinner\" type=\"submit\" value=\"Odeslat\" \/>\n<\/p><div class=\"wpcf7-response-output\" aria-hidden=\"true\"><\/div>\n<\/form>\n<\/div>\n[\/vc_column][vc_column width=&#8220;1\/6&#8243;][\/vc_column][\/vc_row]<\/p>\n<\/div>","protected":false},"excerpt":{"rendered":"<p>[vc_row top_padding=&#8220;40&#8243; tablet_portrait_visibility=&#8220;hide&#8220; mobile_landscape_visibility=&#8220;hide&#8220; mobile_portrait_visibility=&#8220;hide&#8220;][vc_column width=&#8220;1\/1&#8243;][\/vc_column][\/vc_row][vc_row top_padding=&#8220;0&#8243;][vc_column width=&#8220;1\/6&#8243;][\/vc_column][vc_column width=&#8220;2\/3&#8243;][vc_column_text]Kontakt na koordin\u00e1tora Technologick\u00fd institut AIJU pro d\u011btsk\u00e9 a volno\u010dasov\u00e9 produkty Av. Industria, 23 \u2013 03440 Ibi (Alicante) \u0160pan\u011blsko +34 965 55 44 75 proyectosseguridad@aiju.es[\/vc_column_text][\/vc_column][vc_column width=&#8220;1\/6&#8243;][\/vc_column][\/vc_row]<\/p>\n","protected":false},"author":1,"featured_media":0,"parent":0,"menu_order":0,"comment_status":"closed","ping_status":"closed","template":"","meta":{"footnotes":""},"class_list":["post-426","page","type-page","status-publish","hentry"],"_links":{"self":[{"href":"https:\/\/www.ai4prosa.eu\/cs\/wp-json\/wp\/v2\/pages\/426","targetHints":{"allow":["GET"]}}],"collection":[{"href":"https:\/\/www.ai4prosa.eu\/cs\/wp-json\/wp\/v2\/pages"}],"about":[{"href":"https:\/\/www.ai4prosa.eu\/cs\/wp-json\/wp\/v2\/types\/page"}],"author":[{"embeddable":true,"href":"https:\/\/www.ai4prosa.eu\/cs\/wp-json\/wp\/v2\/users\/1"}],"replies":[{"embeddable":true,"href":"https:\/\/www.ai4prosa.eu\/cs\/wp-json\/wp\/v2\/comments?post=426"}],"version-history":[{"count":1,"href":"https:\/\/www.ai4prosa.eu\/cs\/wp-json\/wp\/v2\/pages\/426\/revisions"}],"predecessor-version":[{"id":427,"href":"https:\/\/www.ai4prosa.eu\/cs\/wp-json\/wp\/v2\/pages\/426\/revisions\/427"}],"wp:attachment":[{"href":"https:\/\/www.ai4prosa.eu\/cs\/wp-json\/wp\/v2\/media?parent=426"}],"curies":[{"name":"wp","href":"https:\/\/api.w.org\/{rel}","templated":true}]}}