{"id":560,"date":"2025-03-26T11:01:46","date_gmt":"2025-03-26T10:01:46","guid":{"rendered":"https:\/\/www.ai4prosa.eu\/?page_id=560"},"modified":"2025-03-26T11:56:22","modified_gmt":"2025-03-26T10:56:22","slug":"podminky-pouziti","status":"publish","type":"page","link":"https:\/\/www.ai4prosa.eu\/cs\/podminky-pouziti\/","title":{"rendered":"Podm\u00ednky pou\u017eit\u00ed"},"content":{"rendered":"<h1 style=\"text-align: center;\"><strong>PODM\u00cdNKY POU\u017dIT\u00cd WWW.AI4PROSA.EU<\/strong><\/h1>\n<p>&nbsp;<\/p>\n<h2>IDENTIFIKA\u010cN\u00cd \u00daDAJE<\/h2>\n<p>(Z\u00e1kon 34\/2002 ze dne 11. \u010dervence o slu\u017eb\u00e1ch informa\u010dn\u00ed spole\u010dnosti a elektronick\u00e9m obchod\u011b)<\/p>\n<p>Obchodn\u00ed n\u00e1zev: AIJU \u2013 ASOCIACE PRO V\u00ddZKUM HRA\u010cK\u00c1\u0158SK\u00c9HO PR\u016eMYSLU A SOUVISEJ\u00cdC\u00cdCH ODV\u011aTV\u00cd, d\u00e1le jen SPOLE\u010cNOST<br \/>\nCIF: G03182862<br \/>\nAdresa: AV. DE LA INDUSTRIA, 23 \u2013 03440 Ibi (Alicante) \u0160PAN\u011aLSKO<br \/>\nE-mail: proyectosseguridad@aiju.es<br \/>\nTelefon: 96 555 44 75<br \/>\nRegistra\u010dn\u00ed \u00fadaje: Registr n\u00e1rodn\u00edch asociac\u00ed \u010d. 71245<\/p>\n<h2>C\u00cdL WEBOV\u00ddCH STR\u00c1NEK<\/h2>\n<p>Hlavn\u00edm c\u00edlem t\u011bchto webov\u00fdch str\u00e1nek je p\u0159edstavit projekt AI4ProSa a poskytnout podrobn\u00e9 informace o jeho c\u00edlech, kl\u00ed\u010dov\u00fdch v\u00fdsledc\u00edch a partnersk\u00fdch organizac\u00edch. N\u00e1v\u0161t\u011bvn\u00edci zde mohou prozkoumat posl\u00e1n\u00ed projektu, jeho inovativn\u00ed p\u0159\u00ednosy a spolupr\u00e1ci, kter\u00e1 stoj\u00ed za jeho v\u00fdvojem.<br \/>\nKrom\u011b toho webov\u00e9 str\u00e1nky slou\u017e\u00ed jako centr\u00e1ln\u00ed platforma pro p\u0159\u00edstup k v\u00fdsledk\u016fm projektu, \u010d\u00edm\u017e zaji\u0161\u0165uj\u00ed transparentnost a usnad\u0148uj\u00ed sd\u00edlen\u00ed znalost\u00ed. D\u00edky poskytov\u00e1n\u00ed relevantn\u00edch zdroj\u016f a aktualizac\u00ed hraj\u00ed kl\u00ed\u010dovou roli p\u0159i \u0161\u00ed\u0159en\u00ed v\u00fdsledk\u016f, podpo\u0159e zapojen\u00ed a propagaci \u0161ir\u0161\u00edho dopadu AI4ProSa v pr\u016fmyslu a v komunit\u011b odborn\u00e9ho vzd\u011bl\u00e1v\u00e1n\u00ed a p\u0159\u00edpravy.<\/p>\n<h2>VYU\u017dIT\u00cd WEBOV\u00c9 STR\u00c1NKY<\/h2>\n<p>SPOLE\u010cNOST poskytuje p\u0159\u00edstup k mnoha informac\u00edm a slu\u017eb\u00e1m, kter\u00e9 j\u00ed n\u00e1le\u017e\u00ed, a p\u0159eb\u00edr\u00e1 odpov\u011bdnost za pou\u017e\u00edv\u00e1n\u00ed webov\u00fdch str\u00e1nek.Tato odpov\u011bdnost se vztahuje i na registrace, kter\u00e9 jsou nezbytn\u00e9 pro p\u0159\u00edstup k ur\u010dit\u00fdm slu\u017eb\u00e1m nebo obsahu.U\u017eivatel je odpov\u011bdn\u00fd za poskytnut\u00ed pravdiv\u00fdch a z\u00e1konn\u00fdch informac\u00ed.SPOLE\u010cNOST si vyhrazuje pr\u00e1vo odstranit v\u0161echny koment\u00e1\u0159e a p\u0159\u00edsp\u011bvky, kter\u00e9 poru\u0161uj\u00ed d\u016fstojnost \u010dlov\u011bka.To zahrnuje obsah, kter\u00fd je diskrimina\u010dn\u00ed, xenofobn\u00ed, rasistick\u00fd, pornografick\u00fd nebo ohro\u017euje ml\u00e1de\u017e, d\u011bti, ve\u0159ejn\u00fd po\u0159\u00e1dek nebo bezpe\u010dnost.<\/p>\n<h2>POLITIKA ODKAZ\u016e<\/h2>\n<p>Propojen\u00e9 webov\u00e9 str\u00e1nky nejsou spravov\u00e1ny SPOLE\u010cNOST\u00cd, a proto nenese odpov\u011bdnost za jejich obsah.<\/p>\n<h2>PR\u00c1VA K DU\u0160EVN\u00cdMU VLASTNICTV\u00cd<\/h2>\n<p>SPOLE\u010cNOST je vlastn\u00edkem ve\u0161ker\u00fdch pr\u00e1v k du\u0161evn\u00edmu a pr\u016fmyslov\u00e9mu vlastnictv\u00ed souvisej\u00edc\u00edch s jej\u00edmi webov\u00fdmi str\u00e1nkami, jako\u017e i prvk\u016f na nich obsa\u017een\u00fdch (nap\u0159\u00edklad obr\u00e1zky, zvuk, audio, video, software nebo texty; zna\u010dky \u010di loga, barevn\u00e9 kombinace, struktura a design, v\u00fdb\u011br pou\u017eit\u00fdch materi\u00e1l\u016f, po\u010d\u00edta\u010dov\u00e9 programy nezbytn\u00e9 pro jejich provoz, p\u0159\u00edstup a pou\u017e\u00edv\u00e1n\u00ed atd.).Na z\u00e1klad\u011b ustanoven\u00ed \u010dl\u00e1nk\u016f 8 a 32.1, druh\u00e9ho odstavce, kr\u00e1lovsk\u00e9ho legislativn\u00edho dekretu 1\/1996 ze dne 12. dubna, kter\u00fdm se schvaluje konsolidovan\u00fd text Z\u00e1kona o du\u0161evn\u00edm vlastnictv\u00ed, je v\u00fdslovn\u011b zak\u00e1z\u00e1na reprodukce, distribuce a ve\u0159ejn\u00e1 komunikace, v\u010detn\u011b jej\u00edho zp\u0159\u00edstupn\u011bn\u00ed, ve\u0161ker\u00e9ho nebo \u010d\u00e1sti obsahu t\u00e9to webov\u00e9 str\u00e1nky pro komer\u010dn\u00ed \u00fa\u010dely v jak\u00e9mkoli m\u00e9diu a jak\u00fdmkoli technick\u00fdm zp\u016fsobem bez p\u0159edchoz\u00edho souhlasu SPOLE\u010cNOSTI.<br \/>\nU\u017eivatel se zavazuje respektovat pr\u00e1va k du\u0161evn\u00edmu a pr\u016fmyslov\u00e9mu vlastnictv\u00ed, kter\u00e1 vlastn\u00ed SPOLE\u010cNOST.<br \/>\nVe\u0161ker\u00fd obsah zve\u0159ejn\u011bn\u00fd na webov\u00fdch str\u00e1nk\u00e1ch, zejm\u00e9na n\u00e1vrhy, texty, obr\u00e1zky, videa, grafika, loga, ikony, tla\u010d\u00edtka, jako\u017e i obchodn\u00ed n\u00e1zvy, ochrann\u00e9 zn\u00e1mky nebo kresby a jak\u00e1koli jin\u00e1 ozna\u010den\u00ed zp\u016fsobil\u00e1 k pr\u016fmyslov\u00e9mu a obchodn\u00edmu vyu\u017eit\u00ed, jsou p\u0159edm\u011btem pr\u00e1v du\u0161evn\u00edho a pr\u016fmyslov\u00e9ho vlastnictv\u00ed SPOLE\u010cNOSTI. V \u017e\u00e1dn\u00e9m p\u0159\u00edpad\u011b se to nech\u00e1pe tak, \u017ee se ud\u011bluje jak\u00e1koli licence nebo \u017ee se ud\u011bluje vzd\u00e1n\u00ed se, p\u0159evod, \u00fapln\u00fd nebo \u010d\u00e1ste\u010dn\u00fd p\u0159evod uveden\u00fdch pr\u00e1v, ani se nep\u0159izn\u00e1v\u00e1 \u017e\u00e1dn\u00e9 pr\u00e1vo nebo o\u010dek\u00e1v\u00e1n\u00ed pr\u00e1va, zejm\u00e9na pr\u00e1vo na<\/p>\n<h2>OMEZEN\u00cd ODPOV\u011aDNOSTI<\/h2>\n<p>SPOLE\u010cNOST ponese odpov\u011bdnost za jak\u00e9koli \u0161kody, kter\u00e9 u\u017eivateli vzniknou v d\u016fsledku pou\u017e\u00edv\u00e1n\u00ed webov\u00e9 str\u00e1nky, pouze v p\u0159\u00edpad\u011b, \u017ee tyto \u0161kody jsou p\u0159\u00edmo p\u0159i\u010ditateln\u00e9 nespr\u00e1vn\u00e9mu jedn\u00e1n\u00ed t\u00e9to entity a je prok\u00e1z\u00e1no, \u017ee neplnila pr\u00e1vn\u00ed a regula\u010dn\u00ed po\u017eadavky.<\/p>\n<p>U\u017eivatel je odpov\u011bdn\u00fd za p\u0159ijet\u00ed v\u0161ech vhodn\u00fdch technick\u00fdch opat\u0159en\u00ed k p\u0159im\u011b\u0159en\u00e9mu \u0159\u00edzen\u00ed rizik otev\u0159en\u00e9ho internetu a k prevenci po\u0161kozen\u00ed jeho za\u0159\u00edzen\u00ed, ztr\u00e1ty dat nebo kr\u00e1de\u017ee d\u016fv\u011brn\u00fdch informac\u00ed.<\/p>\n<p>SPOLE\u010cNOST nenese odpov\u011bdnost za \u0161kody zp\u016fsoben\u00e9 ru\u0161en\u00edm, opomenut\u00edm, p\u0159eru\u0161en\u00edm, po\u010d\u00edta\u010dov\u00fdmi viry, poruchami a\/nebo odpojen\u00edm, kter\u00e9 ovliv\u0148uj\u00ed funk\u010dn\u00ed provoz t\u00e9to webov\u00e9 str\u00e1nky nebo za\u0159\u00edzen\u00ed a syst\u00e9my u\u017eivatel\u016f.<\/p>\n<p>SPOLE\u010cNOST nenese odpov\u011bdnost za jak\u00e9koli \u0161kody, pokud nem\u00e1 skute\u010dn\u00e9 v\u011bdom\u00ed, \u017ee \u010dinnost nebo informace, na kter\u00e9 odkazuje nebo kter\u00e9 doporu\u010duje prost\u0159ednictv\u00edm sv\u00fdch odkaz\u016f, jsou nez\u00e1konn\u00e9 nebo poru\u0161uj\u00ed pr\u00e1va t\u0159et\u00edch stran. Jakmile se o tom dozv\u00ed, neprodlen\u011b podnikne kroky k odstran\u011bn\u00ed nebo deaktivaci p\u0159\u00edslu\u0161n\u00e9ho odkazu nebo informace.<\/p>\n<h2>BEZPE\u010cNOST WEBU<\/h2>\n<p>Webov\u00e1 str\u00e1nka pou\u017e\u00edv\u00e1 b\u011b\u017en\u011b uzn\u00e1van\u00e9 bezpe\u010dnostn\u00ed techniky, jako jsou firewally, p\u0159\u00edstupov\u00e9 kontroln\u00ed procedury, zabezpe\u010den\u00e9 komunikace a kryptografick\u00e9 mechanismy s c\u00edlem zamezit a sn\u00ed\u017eit rizika naru\u0161en\u00ed bezpe\u010dnosti dat (d\u016fv\u011brnost, integrita a dostupnost).<br \/>\nZa t\u00edmto \u00fa\u010delem u\u017eivatel souhlas\u00ed s t\u00edm, \u017ee poskytovatel m\u016f\u017ee shroma\u017e\u010fovat \u00fadaje pot\u0159ebn\u00e9 pro ov\u011b\u0159ov\u00e1n\u00ed p\u0159\u00edstupov\u00fdch kontrol a poskytov\u00e1n\u00ed slu\u017eeb nezbytn\u00fdch pro provoz webu.<br \/>\nBezpe\u010dnost online prost\u0159ed\u00ed z\u00e1vis\u00ed tak\u00e9 na konfiguraci prohl\u00ed\u017ee\u010de u\u017eivatele, a proto se doporu\u010duje jeho kontrola a p\u0159izp\u016fsoben\u00ed.<\/p>\n<h2>JURISDIKCE A PLATN\u00c9 Z\u00c1KONY<\/h2>\n<p>Na tyto podm\u00ednky se vztahuje \u0161pan\u011blsk\u00e9 pr\u00e1vo.<br \/>\nPro ve\u0161ker\u00e9 spory, kter\u00e9 mohou vyplynout z t\u011bchto podm\u00ednek, se strany v\u00fdslovn\u011b pod\u0159izuj\u00ed jurisdikci soud\u016f uveden\u00fdch v IDENTIFIKA\u010cN\u00cdCH \u00daDAJ\u00cdCH, p\u0159i\u010dem\u017e se vzd\u00e1vaj\u00ed jak\u00e9koliv jin\u00e9 p\u0159\u00edslu\u0161n\u00e9 jurisdikce.<\/p>\n<h2>ZM\u011aNY PODM\u00cdNEK POU\u017dIT\u00cd<\/h2>\n<p>Tyto Podm\u00ednky pou\u017eit\u00ed mohou b\u00fdt pravideln\u011b aktualizov\u00e1ny v d\u016fsledku zm\u011bn platn\u00e9 legislativy, zm\u011bn v postupech shroma\u017e\u010fov\u00e1n\u00ed a pou\u017e\u00edv\u00e1n\u00ed informac\u00ed, zaveden\u00ed nov\u00fdch slu\u017eeb nebo odstran\u011bn\u00ed st\u00e1vaj\u00edc\u00edch slu\u017eeb.<br \/>\nTyto zm\u011bny nab\u00fdvaj\u00ed \u00fa\u010dinnosti okam\u017eikem jejich zve\u0159ejn\u011bn\u00ed na webu, a proto je d\u016fle\u017eit\u00e9 pravideln\u011b kontrolovat Podm\u00ednky pou\u017eit\u00ed, abyste byli informov\u00e1ni o p\u0159\u00edpadn\u00fdch \u00faprav\u00e1ch.<\/p>\n","protected":false},"excerpt":{"rendered":"<p>PODM\u00cdNKY POU\u017dIT\u00cd WWW.AI4PROSA.EU &nbsp; IDENTIFIKA\u010cN\u00cd \u00daDAJE (Z\u00e1kon 34\/2002 ze dne 11. \u010dervence o slu\u017eb\u00e1ch informa\u010dn\u00ed spole\u010dnosti a elektronick\u00e9m obchod\u011b) Obchodn\u00ed n\u00e1zev: AIJU \u2013 ASOCIACE PRO V\u00ddZKUM HRA\u010cK\u00c1\u0158SK\u00c9HO PR\u016eMYSLU A SOUVISEJ\u00cdC\u00cdCH ODV\u011aTV\u00cd, d\u00e1le jen SPOLE\u010cNOST CIF: G03182862 Adresa: AV. DE LA INDUSTRIA, 23 \u2013 03440 Ibi (Alicante) \u0160PAN\u011aLSKO E-mail: proyectosseguridad@aiju.es Telefon: 96 555 44 75 Registra\u010dn\u00ed \u00fadaje: Registr n\u00e1rodn\u00edch asociac\u00ed \u010d. 71245 C\u00cdL WEBOV\u00ddCH STR\u00c1NEK Hlavn\u00edm c\u00edlem t\u011bchto webov\u00fdch str\u00e1nek je p\u0159edstavit projekt AI4ProSa a poskytnout podrobn\u00e9 informace o jeho c\u00edlech, kl\u00ed\u010dov\u00fdch v\u00fdsledc\u00edch a partnersk\u00fdch organizac\u00edch. N\u00e1v\u0161t\u011bvn\u00edci zde mohou prozkoumat posl\u00e1n\u00ed projektu, jeho inovativn\u00ed p\u0159\u00ednosy a spolupr\u00e1ci, kter\u00e1 stoj\u00ed za jeho v\u00fdvojem. Krom\u011b toho webov\u00e9 str\u00e1nky slou\u017e\u00ed jako centr\u00e1ln\u00ed platforma pro p\u0159\u00edstup k v\u00fdsledk\u016fm projektu, \u010d\u00edm\u017e zaji\u0161\u0165uj\u00ed transparentnost a usnad\u0148uj\u00ed sd\u00edlen\u00ed znalost\u00ed. D\u00edky poskytov\u00e1n\u00ed relevantn\u00edch zdroj\u016f a aktualizac\u00ed hraj\u00ed kl\u00ed\u010dovou roli p\u0159i \u0161\u00ed\u0159en\u00ed v\u00fdsledk\u016f, podpo\u0159e zapojen\u00ed a propagaci \u0161ir\u0161\u00edho dopadu AI4ProSa v pr\u016fmyslu a v komunit\u011b odborn\u00e9ho vzd\u011bl\u00e1v\u00e1n\u00ed a p\u0159\u00edpravy. VYU\u017dIT\u00cd WEBOV\u00c9 STR\u00c1NKY SPOLE\u010cNOST poskytuje p\u0159\u00edstup k mnoha informac\u00edm a slu\u017eb\u00e1m, kter\u00e9 j\u00ed n\u00e1le\u017e\u00ed, a p\u0159eb\u00edr\u00e1 odpov\u011bdnost za pou\u017e\u00edv\u00e1n\u00ed webov\u00fdch str\u00e1nek.Tato odpov\u011bdnost se vztahuje i na registrace, kter\u00e9 jsou nezbytn\u00e9 pro p\u0159\u00edstup k ur\u010dit\u00fdm slu\u017eb\u00e1m nebo obsahu.U\u017eivatel je odpov\u011bdn\u00fd za poskytnut\u00ed pravdiv\u00fdch a z\u00e1konn\u00fdch informac\u00ed.SPOLE\u010cNOST si vyhrazuje pr\u00e1vo odstranit v\u0161echny koment\u00e1\u0159e [&hellip;]<\/p>\n","protected":false},"author":1,"featured_media":0,"parent":0,"menu_order":0,"comment_status":"closed","ping_status":"closed","template":"","meta":{"footnotes":""},"class_list":["post-560","page","type-page","status-publish","hentry"],"_links":{"self":[{"href":"https:\/\/www.ai4prosa.eu\/cs\/wp-json\/wp\/v2\/pages\/560","targetHints":{"allow":["GET"]}}],"collection":[{"href":"https:\/\/www.ai4prosa.eu\/cs\/wp-json\/wp\/v2\/pages"}],"about":[{"href":"https:\/\/www.ai4prosa.eu\/cs\/wp-json\/wp\/v2\/types\/page"}],"author":[{"embeddable":true,"href":"https:\/\/www.ai4prosa.eu\/cs\/wp-json\/wp\/v2\/users\/1"}],"replies":[{"embeddable":true,"href":"https:\/\/www.ai4prosa.eu\/cs\/wp-json\/wp\/v2\/comments?post=560"}],"version-history":[{"count":2,"href":"https:\/\/www.ai4prosa.eu\/cs\/wp-json\/wp\/v2\/pages\/560\/revisions"}],"predecessor-version":[{"id":562,"href":"https:\/\/www.ai4prosa.eu\/cs\/wp-json\/wp\/v2\/pages\/560\/revisions\/562"}],"wp:attachment":[{"href":"https:\/\/www.ai4prosa.eu\/cs\/wp-json\/wp\/v2\/media?parent=560"}],"curies":[{"name":"wp","href":"https:\/\/api.w.org\/{rel}","templated":true}]}}