{"id":576,"date":"2025-02-17T16:09:14","date_gmt":"2025-02-17T15:09:14","guid":{"rendered":"https:\/\/www.ai4prosa.eu\/?page_id=576"},"modified":"2025-03-26T12:58:34","modified_gmt":"2025-03-26T11:58:34","slug":"datenschutzrichtlinie","status":"publish","type":"page","link":"https:\/\/www.ai4prosa.eu\/de\/datenschutzrichtlinie\/","title":{"rendered":"Datenschutzrichtlinie"},"content":{"rendered":"<h1 style=\"text-align: center;\"><strong>Datenschutzrichtlinie<\/strong><\/h1>\n<p>&nbsp;<\/p>\n<h2>EINF\u00dcHRUNG<\/h2>\n<p>Zweck dieser Datenschutzerkl\u00e4rung ist es, Sie dar\u00fcber zu informieren, wie Ihre pers\u00f6nlichen Daten auf der Website https:\/\/www.ai4prosa.eu\/ verarbeitet werden. Am Ende des Dokuments finden Sie auch Informationen, die es Ihnen erm\u00f6glichen, Ihre Rechte in Bezug auf Ihre pers\u00f6nlichen Daten auszu\u00fcben.&#8220;<\/p>\n<h2>DEFINITIONEN<\/h2>\n<ul>\n<li>Personenbezogene Daten: Alle Daten, die es erm\u00f6glichen, eine nat\u00fcrliche Person direkt oder indirekt zu identifizieren (Nachname, Vorname, Telefonnummer, IP-Adresse usw.), in diesem Dokument manchmal einfach als &#8222;Daten&#8220; bezeichnet;<\/li>\n<li>Verarbeitung personenbezogener Daten: Jegliche Operation(en) im Zusammenhang mit personenbezogenen Daten (Erhebung, Speicherung, Extraktion usw.);<\/li>\n<li>Verantwortlicher: Die Stelle, die die Zwecke und Mittel (warum und wie) der Verarbeitung Ihrer personenbezogenen Daten festlegt;<\/li>\n<li>Empf\u00e4nger: Die Stellen und Personen, mit denen die Daten vom Verantwortlichen geteilt werden k\u00f6nnen;<\/li>\n<li>Zwecke: Die Ziele der Verarbeitung personenbezogener Daten (der Grund f\u00fcr die Verarbeitung);<\/li>\n<li>Rechtsgrundlage: Der Grund oder Kontext, der es uns erlaubt, Ihre personenbezogenen Daten zu verarbeiten.<\/li>\n<\/ul>\n<h2>WER IST F\u00dcR DIE DATENVERARBEITUNG VERANTWORTLICH?<\/h2>\n<p>AIJU &#8211; Forschungsverband der Spielwarenindustrie e.V. ist verantwortlich f\u00fcr die Verarbeitung und den Umgang mit Ihren Daten.<\/p>\n<ul>\n<li>Identit\u00e4t des Verantwortlichen. AIJU-ASOCIACI\u00d3N DE INVESTIGACI\u00d3N DE LA INDUSTRIA DEL JUGUETE, CONEXAS Y AFINES, CIF: G03182862<\/li>\n<li>Adresse. AV. DE LA INDUSTRIA, 23. 03440, IBI (ALICANTE)<\/li>\n<li>E-Mail. <a href=\"mailto:proyectosseguridad@aiju.es\">proyectosseguridad@aiju.es<\/a><\/li>\n<li>Telefon. 96 555 44 75<\/li>\n<\/ul>\n<h2>ERHOBENE DATEN<\/h2>\n<p>Wir erheben und verarbeiten nur Daten, die angemessen, relevant und auf das notwendige Minimum beschr\u00e4nkt sind, um unsere Ziele zu erreichen. Die Art der verarbeiteten personenbezogenen Daten variiert je nach dem Kontext, der die Erhebung rechtfertigt.<\/p>\n<p>Wir m\u00f6chten Sie so genau wie m\u00f6glich jedes Mal informieren, wenn wir personenbezogene Daten verwenden, insbesondere indem wir die Zwecke angeben, f\u00fcr die wir diese personenbezogenen Daten verarbeiten.<\/p>\n<h2>ZU WELCHEM ZWECK VERARBEITEN WIR PERSONENBEZOGENE DATEN?<\/h2>\n<p>Auf WWW.A4PROSA.EU werden personenbezogene Daten zu folgenden Zwecken verarbeitet:<\/p>\n<ul>\n<li>Kontakt: Beantwortung von Informationsanfragen zu den angebotenen Produkten und Dienstleistungen sowie von anderen Fragen, die von Nutzern gestellt werden.<\/li>\n<li>Voranmeldung f\u00fcr Kurse: Die Datenverarbeitung erfolgt zur Durchf\u00fchrung der Voranmeldung, Teilnahme, Schulung und anschlie\u00dfenden Nachverfolgung der Teilnehmer an den AI4PROSA-Aktivit\u00e4ten.<\/li>\n<li>Newsletter: Versand des AI4PROSA-Newsletters und projektbezogener Informationen an die vom Nutzer angegebene E-Mail-Adresse.<\/li>\n<li>Veranstaltungsinformationen: Versand von Informationen zu folgenden Themen an die vom Nutzer angegebene E-Mail-Adresse: Ergebnispr\u00e4sentationen, geistiges Eigentum, Produktsicherheit, neue Technologien f\u00fcr Produktschutz und Sicherheit sowie Verbraucherrechte.<\/li>\n<\/ul>\n<h2>RECHTSGRUNDLAGE F\u00dcR DIE DATENVERARBEITUNG<\/h2>\n<p>Durch den Zugriff auf unsere Website und das Ausf\u00fcllen der Formulare oder das Senden von Daten \u00fcber die angegebenen elektronischen Kontaktmittel akzeptieren Sie diese Datenschutzerkl\u00e4rung. Aus diesem Grund basiert die Rechtsgrundlage f\u00fcr die Verarbeitung der Daten auf der Zustimmung des Nutzers. Dies gilt f\u00fcr die Verarbeitung der folgenden Daten:<\/p>\n<ul>\n<li>Kontaktformular<\/li>\n<li>Voranmeldungsformular f\u00fcr Kurse<\/li>\n<li>Newsletter<\/li>\n<li>Veranstaltungsinformationen<\/li>\n<\/ul>\n<p>Zus\u00e4tzlich informieren wir Sie, dass wir personenbezogene Informationen nur gem\u00e4\u00df dieser Datenschutzerkl\u00e4rung verwenden und im Allgemeinen Ihre Zustimmung f\u00fcr die Nutzung zu anderen Zwecken einholen werden, als die, f\u00fcr die Sie diese urspr\u00fcnglich erteilt haben. Abschlie\u00dfend informieren wir Sie, dass Sie Ihre Zustimmung jederzeit widerrufen k\u00f6nnen; dazu m\u00fcssen Sie sich lediglich \u00fcber die in dieser Datenschutzerkl\u00e4rung angegebenen Kontaktm\u00f6glichkeiten an uns wenden.<\/p>\n<h2>WIE LANGE VERARBEITEN WIR PERSONENBEZOGENE DATEN?<\/h2>\n<p>Ihre personenbezogenen Daten werden so lange aufbewahrt, wie es notwendig ist, um die in dieser Datenschutzerkl\u00e4rung beschriebenen Zwecke zu erf\u00fcllen, gem\u00e4\u00df den geltenden Vorschriften und Gesetzen zum Schutz personenbezogener Daten sowie der Zeit, die erforderlich ist, um operationellen Verpflichtungen nachzukommen. Diese Zeitr\u00e4ume sind nachfolgend im Detail aufgef\u00fchrt.<\/p>\n<p>Konkret gelten f\u00fcr Ihre Daten die folgenden Aufbewahrungsfristen:<\/p>\n<ul>\n<li>Kontakt: Ihre Kontaktdaten werden aufbewahrt, um Anfragen zu den angebotenen Produkten und Dienstleistungen zu beantworten sowie auf andere Arten von Fragen, die von Nutzern gesendet werden. Die im Rahmen dieses Kontakts erhobenen und verarbeiteten Daten werden f\u00fcr die Zeit aufbewahrt, die erforderlich ist, um auf Ihre Anfrage zu antworten, und zwar f\u00fcr drei (3) Jahre ab dem letzten Kontakt mit Ihnen.<\/li>\n<li>Vorregistrierung f\u00fcr Schulungsaktivit\u00e4ten: Die gesammelten Daten werden f\u00fcr die Vorregistrierung f\u00fcr Schulungsaktivit\u00e4ten aufbewahrt. Die f\u00fcr die Vorregistrierung erhobenen Daten werden maximal drei (3) Jahre ab dem Erhebungsdatum oder dem letzten Kontakt des Nutzers aufbewahrt.<\/li>\n<li>Newsletter: Ihre E-Mail-Adresse wird aufbewahrt, um Ihnen den aktiven Newsletter zu senden. Ihre E-Mail-Adresse wird nicht mehr verwendet, um den Newsletter zu senden, sobald Sie sich abmelden, und wird gel\u00f6scht, wenn sie nicht mehr f\u00fcr andere Zwecke verwendet wird. Im Falle einer l\u00e4ngeren Inaktivit\u00e4t Ihrerseits \u00fcber einen Zeitraum von drei (3) Jahren werden Sie vom Newsletter abgemeldet und Ihre E-Mail-Adresse gel\u00f6scht.<\/li>\n<li>Veranstaltungsinformationen: Ihre E-Mail-Adresse wird aufbewahrt, um Ihnen aktive Informationen zu den folgenden Themen zu Veranstaltungen zu senden: Pr\u00e4sentation von Ergebnissen, geistiges Eigentum, Produktsicherheit, neue Technologien zum Schutz von Produkten und deren Sicherheit sowie Verbraucherrechte. Ihre E-Mail-Adresse wird nicht mehr verwendet, um diese Informationen zu senden, sobald Sie Ihre Absicht zur Abmeldung manifestieren, zum Beispiel per E-Mail, und wird gel\u00f6scht, wenn sie nicht mehr f\u00fcr andere Zwecke verwendet wird. Die f\u00fcr Veranstaltungsinformationen erhobenen Daten werden maximal drei (3) Jahre ab dem Erhebungsdatum oder dem letzten Kontakt des Nutzers aufbewahrt.<\/li>\n<\/ul>\n<h2>SPEICHERUNG UND WEITERGABE IHRER PERSONENBEZOGENEN DATEN<\/h2>\n<p>Ihre personenbezogenen Daten werden in der Europ\u00e4ischen Union gespeichert.<\/p>\n<p>Die erhobenen personenbezogenen Daten werden unter keinen Umst\u00e4nden an Dritte weitergegeben oder ver\u00f6ffentlicht.<\/p>\n<p>Es gibt jedoch einige F\u00e4lle, in denen die erhobenen personenbezogenen Daten mit Drittunternehmen geteilt werden k\u00f6nnen, wie in den folgenden F\u00e4llen:<\/p>\n<ul>\n<li>Sie haben Ihre ausdr\u00fcckliche Zustimmung gegeben oder nehmen freiwillig an der Weitergabe Ihrer personenbezogenen Daten an Dritte teil.<\/li>\n<li>Es besteht eine ausdr\u00fcckliche gesetzliche Verpflichtung. Wir k\u00f6nnen Daten \u00fcbermitteln, um auf gegen uns erhobene Anspr\u00fcche zu antworten und um Verpflichtungen im Rahmen von Verwaltungs- und Gerichtsverfahren nachzukommen.<\/li>\n<\/ul>\n<p>Dies gilt f\u00fcr die folgenden Verarbeitungen:<\/p>\n<ul>\n<li>Kontaktformular<\/li>\n<li>Vorregistrierungsformular f\u00fcr Schulungsaktivit\u00e4ten<\/li>\n<li>Newsletter<\/li>\n<li>Veranstaltungsinformationen<\/li>\n<\/ul>\n<h2>WELCHE RECHTE K\u00d6NNEN SIE AUS\u00dcBEN?<\/h2>\n<p>Der Schutz personenbezogener Daten ist ein Grundrecht. Deshalb haben Sie gem\u00e4\u00df der europ\u00e4ischen Gesetzgebung folgende Rechte:<\/p>\n<ul>\n<li>Zugangsrecht: Das Recht, vom Verantwortlichen Informationen dar\u00fcber zu erhalten, ob Ihre personenbezogenen Daten verarbeitet werden.<\/li>\n<li>Recht auf Berichtigung: Das Recht, die \u00c4nderung falscher oder unvollst\u00e4ndiger Daten zu verlangen.<\/li>\n<li>Widerspruchsrecht: Das Recht, der Verarbeitung personenbezogener Daten zu widersprechen oder deren Einstellung zu verlangen.<\/li>\n<li>Recht auf automatisierte Entscheidungen: Das Recht, nicht einer ausschlie\u00dflich auf automatisierter Verarbeitung beruhenden Entscheidung unterworfen zu werden, die rechtliche oder vergleichbare Auswirkungen auf Sie hat.<\/li>\n<li>Recht auf Einschr\u00e4nkung der Verarbeitung: Das Recht, die Verarbeitung Ihrer personenbezogenen Daten in bestimmten F\u00e4llen auszusetzen.<\/li>\n<li>Recht auf L\u00f6schung (\u201eRecht auf Vergessenwerden\u201c): Das Recht, die L\u00f6schung Ihrer personenbezogenen Daten zu verlangen.<\/li>\n<li>Recht auf Daten\u00fcbertragbarkeit: Das Recht, personenbezogene Daten in einem strukturierten, klaren Format an eine andere verantwortliche Stelle zu \u00fcbertragen.<\/li>\n<\/ul>\n<p>Die Frist f\u00fcr die Bearbeitung der Anfrage betr\u00e4gt maximal 30 Tage ab Erhalt und kann, falls erforderlich, um bis zu 2 Monate verl\u00e4ngert werden.<\/p>\n<p>Sie k\u00f6nnen Ihre Rechte auf folgende Weise aus\u00fcben:<\/p>\n<ul>\n<li>E-Mail an <a href=\"mailto:rgpd@aiju.es\">rgpd@aiju.es<\/a>, mit einem Identit\u00e4tsnachweis des Antragstellers (z. B. eine Kopie des Personalausweises oder eines gleichwertigen Dokuments).<\/li>\n<li>Post an AV. DE LA INDUSTRIA, 23. 03440, IBI (ALICANTE), mit einem Identit\u00e4tsnachweis des Antragstellers (z. B. eine Kopie des Personalausweises oder eines gleichwertigen Dokuments).<\/li>\n<li>In jedem Fall k\u00f6nnen Sie den Schutz der spanischen Datenschutzbeh\u00f6rde \u00fcber deren Website (https:\/\/www.aepd.es\/) beantragen.<\/li>\n<\/ul>\n<h2>BETREFFEND DER COOKIES<\/h2>\n<p>Bitte beachten Sie unsere Cookie-Richtlinie, die hier verf\u00fcgbar <a href=\"https:\/\/www.ai4prosa.eu\/de\/cookie-richtlinie-eu\/\">ist<\/a>.<\/p>\n<h2>AKTUALISIERUNG DIESER RICHTLINIE<\/h2>\n<p>Wir k\u00f6nnen diese Datenschutzerkl\u00e4rung im Einklang mit der Entwicklung unserer Aktivit\u00e4ten und auch im Einklang mit den rechtlichen Anforderungen, denen wir unterliegen, \u00e4ndern.<\/p>\n<p>Bitte konsultieren Sie diese regelm\u00e4\u00dfig, da wir immer das Datum der letzten Aktualisierung angeben.<\/p>\n<p>LETZTE AKTUALISIERUNG DOKUMENTS AM 26\/03\/2025<\/p>\n","protected":false},"excerpt":{"rendered":"<p>Datenschutzrichtlinie &nbsp; EINF\u00dcHRUNG Zweck dieser Datenschutzerkl\u00e4rung ist es, Sie dar\u00fcber zu informieren, wie Ihre pers\u00f6nlichen Daten auf der Website https:\/\/www.ai4prosa.eu\/ verarbeitet werden. Am Ende des Dokuments finden Sie auch Informationen, die es Ihnen erm\u00f6glichen, Ihre Rechte in Bezug auf Ihre pers\u00f6nlichen Daten auszu\u00fcben.&#8220; DEFINITIONEN Personenbezogene Daten: Alle Daten, die es erm\u00f6glichen, eine nat\u00fcrliche Person direkt oder indirekt zu identifizieren (Nachname, Vorname, Telefonnummer, IP-Adresse usw.), in diesem Dokument manchmal einfach als &#8222;Daten&#8220; bezeichnet; Verarbeitung personenbezogener Daten: Jegliche Operation(en) im Zusammenhang mit personenbezogenen Daten (Erhebung, Speicherung, Extraktion usw.); Verantwortlicher: Die Stelle, die die Zwecke und Mittel (warum und wie) der Verarbeitung Ihrer personenbezogenen Daten festlegt; Empf\u00e4nger: Die Stellen und Personen, mit denen die Daten vom Verantwortlichen geteilt werden k\u00f6nnen; Zwecke: Die Ziele der Verarbeitung personenbezogener Daten (der Grund f\u00fcr die Verarbeitung); Rechtsgrundlage: Der Grund oder Kontext, der es uns erlaubt, Ihre personenbezogenen Daten zu verarbeiten. WER IST F\u00dcR DIE DATENVERARBEITUNG VERANTWORTLICH? AIJU &#8211; Forschungsverband der Spielwarenindustrie e.V. ist verantwortlich f\u00fcr die Verarbeitung und den Umgang mit Ihren Daten. Identit\u00e4t des Verantwortlichen. AIJU-ASOCIACI\u00d3N DE INVESTIGACI\u00d3N DE LA INDUSTRIA DEL JUGUETE, CONEXAS Y AFINES, CIF: G03182862 Adresse. AV. DE LA INDUSTRIA, 23. 03440, IBI (ALICANTE) E-Mail. proyectosseguridad@aiju.es Telefon. 96 555 44 75 ERHOBENE DATEN [&hellip;]<\/p>\n","protected":false},"author":1,"featured_media":0,"parent":0,"menu_order":0,"comment_status":"closed","ping_status":"closed","template":"","meta":{"footnotes":""},"class_list":["post-576","page","type-page","status-publish","hentry"],"_links":{"self":[{"href":"https:\/\/www.ai4prosa.eu\/de\/wp-json\/wp\/v2\/pages\/576","targetHints":{"allow":["GET"]}}],"collection":[{"href":"https:\/\/www.ai4prosa.eu\/de\/wp-json\/wp\/v2\/pages"}],"about":[{"href":"https:\/\/www.ai4prosa.eu\/de\/wp-json\/wp\/v2\/types\/page"}],"author":[{"embeddable":true,"href":"https:\/\/www.ai4prosa.eu\/de\/wp-json\/wp\/v2\/users\/1"}],"replies":[{"embeddable":true,"href":"https:\/\/www.ai4prosa.eu\/de\/wp-json\/wp\/v2\/comments?post=576"}],"version-history":[{"count":1,"href":"https:\/\/www.ai4prosa.eu\/de\/wp-json\/wp\/v2\/pages\/576\/revisions"}],"predecessor-version":[{"id":577,"href":"https:\/\/www.ai4prosa.eu\/de\/wp-json\/wp\/v2\/pages\/576\/revisions\/577"}],"wp:attachment":[{"href":"https:\/\/www.ai4prosa.eu\/de\/wp-json\/wp\/v2\/media?parent=576"}],"curies":[{"name":"wp","href":"https:\/\/api.w.org\/{rel}","templated":true}]}}