{"id":389,"date":"2025-02-19T18:27:27","date_gmt":"2025-02-19T17:27:27","guid":{"rendered":"https:\/\/www.ai4prosa.eu\/?page_id=389"},"modified":"2025-03-12T13:59:02","modified_gmt":"2025-03-12T12:59:02","slug":"contact","status":"publish","type":"page","link":"https:\/\/www.ai4prosa.eu\/fr\/contact\/","title":{"rendered":"Contact"},"content":{"rendered":"<div class=\"wpb-content-wrapper\"><p>[vc_row top_padding=\u00a0\u00bb40&Prime; tablet_portrait_visibility=\u00a0\u00bbhide\u00a0\u00bb mobile_landscape_visibility=\u00a0\u00bbhide\u00a0\u00bb mobile_portrait_visibility=\u00a0\u00bbhide\u00a0\u00bb][vc_column width=\u00a0\u00bb1\/1&Prime;][\/vc_column][\/vc_row][vc_row top_padding=\u00a0\u00bb0&Prime;][vc_column width=\u00a0\u00bb1\/6&Prime;][\/vc_column][vc_column width=\u00a0\u00bb2\/3&Prime;]<h1 class=\"headline font-inherit fontsize-xl fontweight-inherit lh-inherit align-left transform-inherit \" style=\"margin: 0 0 20px 0; color: #494949;\">Nous voulons avoir de vos nouvelles ! Contactez-nous<\/h1><div class=\"divider divider5\" style='margin:20px 0 20px 0 !important;'><\/div>[vc_column_text]<strong>Contact coordinateur<\/strong><br \/>\nInstitut Technologique AIJU\u00a0 pour les Produits pour Enfants et les Losirs<br \/>\nAv. Industria, 23 \u2013 03440 Ibi (Alicante) Espagne<br \/>\n<a href=\"tel:34965554475\">+34 965 55 44 75<\/a><br \/>\n<a href=\"mailto:proyectosseguridad@aiju.es\">proyectosseguridad@aiju.es<\/a>[\/vc_column_text]<div class=\"divider divider5\" style='margin:0px 0 40px 0 !important;'><\/div>\n<div class=\"wpcf7 no-js\" id=\"wpcf7-f388-o1\" lang=\"fr-FR\" dir=\"ltr\" data-wpcf7-id=\"388\">\n<div class=\"screen-reader-response\"><p role=\"status\" aria-live=\"polite\" aria-atomic=\"true\"><\/p> <ul><\/ul><\/div>\n<form action=\"\/fr\/wp-json\/wp\/v2\/pages\/389#wpcf7-f388-o1\" method=\"post\" class=\"wpcf7-form init\" aria-label=\"Formulaire de contact\" novalidate=\"novalidate\" data-status=\"init\">\n<div style=\"display: none;\">\n<input type=\"hidden\" name=\"_wpcf7\" value=\"388\" \/>\n<input type=\"hidden\" name=\"_wpcf7_version\" value=\"6.0.6\" \/>\n<input type=\"hidden\" name=\"_wpcf7_locale\" value=\"fr_FR\" \/>\n<input type=\"hidden\" name=\"_wpcf7_unit_tag\" value=\"wpcf7-f388-o1\" \/>\n<input type=\"hidden\" name=\"_wpcf7_container_post\" value=\"0\" \/>\n<input type=\"hidden\" name=\"_wpcf7_posted_data_hash\" value=\"\" \/>\n<\/div>\n<h4>Vos informations personnelles*\n<\/h4>\n<p><span class=\"wpcf7-form-control-wrap\" data-name=\"Nombre\"><input size=\"40\" maxlength=\"400\" class=\"wpcf7-form-control wpcf7-text wpcf7-validates-as-required\" aria-required=\"true\" aria-invalid=\"false\" placeholder=\"Votre nom et pr\u00e9nom\" value=\"\" type=\"text\" name=\"Nombre\" \/><\/span><br \/>\n<span class=\"wpcf7-form-control-wrap\" data-name=\"Email\"><input size=\"40\" maxlength=\"400\" class=\"wpcf7-form-control wpcf7-email wpcf7-validates-as-required wpcf7-text wpcf7-validates-as-email\" aria-required=\"true\" aria-invalid=\"false\" placeholder=\"Votre adresse e-mail\" value=\"\" type=\"email\" name=\"Email\" \/><\/span>\n<\/p>\n<h4 style=\"padding-top:20px\">Profil*:\n<\/h4>\n<p><span class=\"wpcf7-form-control-wrap\" data-name=\"perfil\"><span class=\"wpcf7-form-control wpcf7-checkbox wpcf7-validates-as-required\"><span class=\"wpcf7-list-item first\"><label><input type=\"checkbox\" name=\"perfil[]\" value=\"Grande entreprise\" \/><span class=\"wpcf7-list-item-label\">Grande entreprise<\/span><\/label><\/span><span class=\"wpcf7-list-item\"><label><input type=\"checkbox\" name=\"perfil[]\" value=\"PME\" \/><span class=\"wpcf7-list-item-label\">PME<\/span><\/label><\/span><span class=\"wpcf7-list-item\"><label><input type=\"checkbox\" name=\"perfil[]\" value=\"\u00c9tudiant en formation professionnelle\" \/><span class=\"wpcf7-list-item-label\">\u00c9tudiant en formation professionnelle<\/span><\/label><\/span><span class=\"wpcf7-list-item\"><label><input type=\"checkbox\" name=\"perfil[]\" value=\"Formateur ou enseignant en formation professionnelle\" \/><span class=\"wpcf7-list-item-label\">Formateur ou enseignant en formation professionnelle<\/span><\/label><\/span><span class=\"wpcf7-list-item\"><label><input type=\"checkbox\" name=\"perfil[]\" value=\"Administration\" \/><span class=\"wpcf7-list-item-label\">Administration<\/span><\/label><\/span><span class=\"wpcf7-list-item last\"><label><input type=\"checkbox\" name=\"perfil[]\" value=\"Autre\" \/><span class=\"wpcf7-list-item-label\">Autre<\/span><\/label><\/span><\/span><\/span>\n<\/p>\n<h4 style=\"padding-top:20px\">Quels sont les sujets qui vous int\u00e8ressent ?*\n<\/h4>\n<p><span class=\"wpcf7-form-control-wrap\" data-name=\"intereses\"><span class=\"wpcf7-form-control wpcf7-checkbox\"><span class=\"wpcf7-list-item first\"><label><input type=\"checkbox\" name=\"intereses[]\" value=\"Participer aux activit\u00e9s du projet\" \/><span class=\"wpcf7-list-item-label\">Participer aux activit\u00e9s du projet<\/span><\/label><\/span><span class=\"wpcf7-list-item\"><label><input type=\"checkbox\" name=\"intereses[]\" value=\"Conna\u00eetre les r\u00e9sultats du projet\" \/><span class=\"wpcf7-list-item-label\">Conna\u00eetre les r\u00e9sultats du projet<\/span><\/label><\/span><span class=\"wpcf7-list-item\"><label><input type=\"checkbox\" name=\"intereses[]\" value=\"Newsletter\" \/><span class=\"wpcf7-list-item-label\">Newsletter<\/span><\/label><\/span><span class=\"wpcf7-list-item last\"><label><input type=\"checkbox\" name=\"intereses[]\" value=\"Autre\" \/><span class=\"wpcf7-list-item-label\">Autre<\/span><\/label><\/span><\/span><\/span>\n<\/p>\n<h4 style=\"padding-top:20px\">Message\n<\/h4>\n<p><span class=\"wpcf7-form-control-wrap\" data-name=\"Mensaje\"><textarea cols=\"40\" rows=\"10\" maxlength=\"2000\" class=\"wpcf7-form-control wpcf7-textarea\" aria-invalid=\"false\" name=\"Mensaje\"><\/textarea><\/span>\n<\/p>\n<p style=\"font-size:12px\"><br \/>\nConform\u00e9ment \u00e0 la r\u00e9glementation en vigueur sur la protection des donn\u00e9es, nous vous informons que :<br \/>\n1. LE RESPONSABLE DU TRAITEMENT est L'ASOCIACI\u00d3N DE INVESTIGACI\u00d3N DE LA INDUSTRIA DEL JUGUETE, CONEXAS Y AFINES (CIF: G03182862), situ\u00e9e \u00e0 AV. DE LA INDUSTRIA, 23. 03440, IBI (ALICANTE). T\u00e9l\u00e9phone : 96 555 44 75.<br \/>\n2. FINALIT\u00c9 DU TRAITEMENT<br \/>\nParticipation aux activit\u00e9s : G\u00e9rer l'inscription, la participation, l'enseignement et le suivi des participants.<br \/>\nNewsletter : Envoyer la newsletter AI4ProSa \u00e0 l'adresse e-mail fournie par l'utilisateur.<br \/>\n3. LA BASE L\u00c9GALE DU TRAITEMENT repose sur le consentement de la personne concern\u00e9e.<br \/>\n4. DUR\u00c9E DE CONSERVATION : Les donn\u00e9es seront conserv\u00e9es tant que l\u2019utilisateur n\u2019exprimera pas son droit \u00e0 l\u2019effacement.<br \/>\n5. EXERCICE DES DROITS : Si vous souhaitez vous d\u00e9sinscrire des communications \u00e9lectroniques, vous pouvez le faire via le lien situ\u00e9 en bas de l\u2019e-mail ou en envoyant un e-mail \u00e0 proyectosseguridad@aiju.es. Vous pouvez exercer vos droits en mati\u00e8re de protection des donn\u00e9es (acc\u00e8s, rectification, opposition, suppression, d\u00e9cisions automatis\u00e9es, limitation du traitement, portabilit\u00e9) par e-mail \u00e0 https:\/\/www.aepd.es\/. Vous pouvez consulter plus d\u2019informations sur la politique de confidentialit\u00e9 <a href=\"https:\/\/www.ai4prosa.eu\/fr\/politique-de-confidentialite\/\" target=_blank>ici<\/a>.\n<\/p>\n<p><span class=\"wpcf7-form-control-wrap\" data-name=\"privacidad\"><span class=\"wpcf7-form-control wpcf7-acceptance\"><span class=\"wpcf7-list-item\"><label><input type=\"checkbox\" name=\"privacidad\" value=\"1\" aria-invalid=\"false\" \/><span class=\"wpcf7-list-item-label\">J'ai lu et j'accepte les conditions de la <a href=\"https:\/\/www.ai4prosa.eu\/fr\/politique-de-confidentialite\/\" target=_blank>politique de confidentialit\u00e9<\/a><\/span><\/label><\/span><\/span><\/span>\n<\/p>\n<p><input class=\"wpcf7-form-control wpcf7-submit has-spinner\" type=\"submit\" value=\"Envoyer\" \/>\n<\/p><div class=\"wpcf7-response-output\" aria-hidden=\"true\"><\/div>\n<\/form>\n<\/div>\n[\/vc_column][vc_column width=\u00a0\u00bb1\/6&Prime;][\/vc_column][\/vc_row]<\/p>\n<\/div>","protected":false},"excerpt":{"rendered":"<p>[vc_row top_padding=\u00a0\u00bb40&Prime; tablet_portrait_visibility=\u00a0\u00bbhide\u00a0\u00bb mobile_landscape_visibility=\u00a0\u00bbhide\u00a0\u00bb mobile_portrait_visibility=\u00a0\u00bbhide\u00a0\u00bb][vc_column width=\u00a0\u00bb1\/1&Prime;][\/vc_column][\/vc_row][vc_row top_padding=\u00a0\u00bb0&Prime;][vc_column width=\u00a0\u00bb1\/6&Prime;][\/vc_column][vc_column width=\u00a0\u00bb2\/3&Prime;][vc_column_text]Contact coordinateur Institut Technologique AIJU\u00a0 pour les Produits pour Enfants et les Losirs Av. Industria, 23 \u2013 03440 Ibi (Alicante) Espagne +34 965 55 44 75 proyectosseguridad@aiju.es[\/vc_column_text][\/vc_column][vc_column width=\u00a0\u00bb1\/6&Prime;][\/vc_column][\/vc_row]<\/p>\n","protected":false},"author":1,"featured_media":0,"parent":0,"menu_order":0,"comment_status":"closed","ping_status":"closed","template":"","meta":{"footnotes":""},"class_list":["post-389","page","type-page","status-publish","hentry"],"_links":{"self":[{"href":"https:\/\/www.ai4prosa.eu\/fr\/wp-json\/wp\/v2\/pages\/389","targetHints":{"allow":["GET"]}}],"collection":[{"href":"https:\/\/www.ai4prosa.eu\/fr\/wp-json\/wp\/v2\/pages"}],"about":[{"href":"https:\/\/www.ai4prosa.eu\/fr\/wp-json\/wp\/v2\/types\/page"}],"author":[{"embeddable":true,"href":"https:\/\/www.ai4prosa.eu\/fr\/wp-json\/wp\/v2\/users\/1"}],"replies":[{"embeddable":true,"href":"https:\/\/www.ai4prosa.eu\/fr\/wp-json\/wp\/v2\/comments?post=389"}],"version-history":[{"count":1,"href":"https:\/\/www.ai4prosa.eu\/fr\/wp-json\/wp\/v2\/pages\/389\/revisions"}],"predecessor-version":[{"id":390,"href":"https:\/\/www.ai4prosa.eu\/fr\/wp-json\/wp\/v2\/pages\/389\/revisions\/390"}],"wp:attachment":[{"href":"https:\/\/www.ai4prosa.eu\/fr\/wp-json\/wp\/v2\/media?parent=389"}],"curies":[{"name":"wp","href":"https:\/\/api.w.org\/{rel}","templated":true}]}}